{"id":14,"date":"2011-02-28T11:36:24","date_gmt":"2011-02-28T11:36:24","guid":{"rendered":"http:\/\/test.gemba.ee\/?page_id=14"},"modified":"2011-03-05T10:54:28","modified_gmt":"2011-03-05T10:54:28","slug":"peamine","status":"publish","type":"page","link":"https:\/\/www.gemba.ee\/?page_id=14","title":{"rendered":"Peamine"},"content":{"rendered":"<p><a href=\"http:\/\/test.gemba.ee\/wp-content\/uploads\/2011\/02\/Gemba.jpg\"><img loading=\"lazy\" decoding=\"async\" class=\"alignleft size-medium wp-image-20\" title=\"Gemba\" src=\"http:\/\/test.gemba.ee\/wp-content\/uploads\/2011\/02\/Gemba-300x136.jpg\" alt=\"\" width=\"300\" height=\"136\" srcset=\"https:\/\/www.gemba.ee\/wp-content\/uploads\/2011\/02\/Gemba-300x136.jpg 300w, https:\/\/www.gemba.ee\/wp-content\/uploads\/2011\/02\/Gemba-100x45.jpg 100w, https:\/\/www.gemba.ee\/wp-content\/uploads\/2011\/02\/Gemba.jpg 455w\" sizes=\"auto, (max-width: 300px) 100vw, 300px\" \/><\/a><\/p>\n<p>Gemba\u00a0on jaapanikeeelne termin, mis t\u00e4histab &#8220;tegelikku kohta&#8221;.\u00a0 Jaapani telereporterid\u00a0m\u00e4rgivad ennast olevat \u00fclekande ajal &#8220;gembas&#8221;.\u00a0\u00a0\u00a0\u00c4ritegevuses viitab &#8220;gemba&#8221; kohale, kus luuakse kliendi jaoks v\u00e4\u00e4rtus. N\u00e4iteks tootmises on see tehase tootmisliin ja ehituses ehitusplats. Samamoodi on &#8220;gemba&#8221; m\u00fc\u00fcgisaal v\u00f5i midagi muud kus\u00a0kliendi jaoks midagi reaalselt tehakse v\u00f5i pakutakse.\u00a0\u00a0\u00c4ris on oluline hoida fookus &#8220;gembal&#8221;. Klient maksab ainult &#8220;Gembas&#8221; loodud v\u00e4\u00e4rtuse eest.<\/p>\n<p>Gemba Konsultatsioonid on ettev\u00f5te, mis n\u00f5ustab ettev\u00f5tteid ja eraisikuid hoidma t\u00e4helepanu sellel, mis on oluline. Eesm\u00e4rgistamine ja sihtide seadmine loob selleks aluse. Ettev\u00f5tete strateegiliste visioonide loomine on meie kirg.\u00a0Aga kuna ettev\u00f5tted koosnevad inimestest, siis ei piisa vaid sellest, et ettev\u00f5ttel on sihid selged &#8211; selles peavad t\u00f6\u00f6tama ka inimesed, kes on oma eluga rahul ja teavad, mida nemad tahavad.\u00a0<\/p>\n<p>Tervikpildi omamine ja tegevuste m\u00f5testatus annab selguse ja kerguse. Sellises teadvustatud olekus sujuvad ka k\u00f5ik igap\u00e4evased tegevused \u2013 nii isiklikud kui ettev\u00f5ttesisesed.<\/p>\n<p>Ja selleks olemegi me siin, et\u00a0aidata leida &#8220;gemba&#8221;.<\/p>\n","protected":false},"excerpt":{"rendered":"<p>Gemba\u00a0on jaapanikeeelne termin, mis t\u00e4histab &#8220;tegelikku kohta&#8221;.\u00a0 Jaapani telereporterid\u00a0m\u00e4rgivad ennast olevat \u00fclekande ajal &#8220;gembas&#8221;.\u00a0\u00a0\u00a0\u00c4ritegevuses viitab &#8220;gemba&#8221; kohale, kus luuakse kliendi jaoks v\u00e4\u00e4rtus. N\u00e4iteks tootmises on see tehase tootmisliin ja ehituses ehitusplats. Samamoodi on &#8220;gemba&#8221; m\u00fc\u00fcgisaal v\u00f5i midagi muud kus\u00a0kliendi jaoks midagi reaalselt tehakse v\u00f5i pakutakse.\u00a0\u00a0\u00c4ris on oluline hoida fookus &#8220;gembal&#8221;. Klient maksab ainult &#8220;Gembas&#8221; loodud v\u00e4\u00e4rtuse eest. Gemba Konsultatsioonid on ettev\u00f5te, mis n\u00f5ustab ettev\u00f5tteid ja eraisikuid hoidma t\u00e4helepanu sellel, mis on oluline. Eesm\u00e4rgistamine ja sihtide seadmine loob selleks aluse. Ettev\u00f5tete strateegiliste visioonide loomine on meie kirg.\u00a0Aga kuna ettev\u00f5tted koosnevad inimestest, siis ei piisa vaid sellest, et ettev\u00f5ttel on sihid selged &#8211; selles peavad t\u00f6\u00f6tama ka inimesed, kes on oma eluga rahul ja teavad, mida nemad tahavad.\u00a0 Tervikpildi omamine ja tegevuste m\u00f5testatus annab selguse ja kerguse. Sellises teadvustatud olekus sujuvad ka k\u00f5ik igap\u00e4evased tegevused \u2013 nii isiklikud kui ettev\u00f5ttesisesed. Ja selleks olemegi me siin, et\u00a0aidata leida &#8220;gemba&#8221;.<\/p>\n","protected":false},"author":1,"featured_media":20,"parent":0,"menu_order":0,"comment_status":"closed","ping_status":"closed","template":"","meta":{"footnotes":""},"class_list":["post-14","page","type-page","status-publish","has-post-thumbnail","hentry"],"_links":{"self":[{"href":"https:\/\/www.gemba.ee\/index.php?rest_route=\/wp\/v2\/pages\/14","targetHints":{"allow":["GET"]}}],"collection":[{"href":"https:\/\/www.gemba.ee\/index.php?rest_route=\/wp\/v2\/pages"}],"about":[{"href":"https:\/\/www.gemba.ee\/index.php?rest_route=\/wp\/v2\/types\/page"}],"author":[{"embeddable":true,"href":"https:\/\/www.gemba.ee\/index.php?rest_route=\/wp\/v2\/users\/1"}],"replies":[{"embeddable":true,"href":"https:\/\/www.gemba.ee\/index.php?rest_route=%2Fwp%2Fv2%2Fcomments&post=14"}],"version-history":[{"count":10,"href":"https:\/\/www.gemba.ee\/index.php?rest_route=\/wp\/v2\/pages\/14\/revisions"}],"predecessor-version":[{"id":21,"href":"https:\/\/www.gemba.ee\/index.php?rest_route=\/wp\/v2\/pages\/14\/revisions\/21"}],"wp:featuredmedia":[{"embeddable":true,"href":"https:\/\/www.gemba.ee\/index.php?rest_route=\/wp\/v2\/media\/20"}],"wp:attachment":[{"href":"https:\/\/www.gemba.ee\/index.php?rest_route=%2Fwp%2Fv2%2Fmedia&parent=14"}],"curies":[{"name":"wp","href":"https:\/\/api.w.org\/{rel}","templated":true}]}}